{"id":59,"date":"2025-08-18T15:06:50","date_gmt":"2025-08-18T15:06:50","guid":{"rendered":"https:\/\/biomagnetismo.clinic\/bio\/home\/"},"modified":"2025-09-30T12:59:29","modified_gmt":"2025-09-30T12:59:29","slug":"inicio","status":"publish","type":"page","link":"https:\/\/biomagnetismo.clinic\/bio\/","title":{"rendered":"In\u00edcio"},"content":{"rendered":"\n\n\n\n<p><span style=\"color: rgb(255, 255, 255); font-size: 21px;\">\u00cdMANES<\/span><\/p>\n\n\n<p><span style=\"color: rgb(255, 255, 255); font-size: 21px;\">AMIL<\/span><\/p>\n\n\n<p><span style=\"color: rgb(255, 255, 255);\">TRATAMENTOS<\/span><\/p>\n\n\n\n\n<h2>Quem sou!<\/h2>\n\n\n<h4><br><\/h4>\n\n\n\n\n\n<h2>Porqu\u00ea Biomagnetismo<\/h2>\n\n\n<p><span style=\"color: rgb(127, 127, 127); text-align: center;\"><span style=\"line-height: 1.5;\"><span style=\"font-size: 16px;\">O biomagnetismo ajuda a equilibrar o corpo, fortalecendo o sistema imunit\u00e1rio e apoiando na recupera\u00e7\u00e3o natural.<\/span><\/span><\/span><\/p><br>\n\n\n<p><span style=\"color: rgb(127, 127, 127); text-align: center;\"><span style=\"line-height: 1.5;\"><span style=\"font-size: 16px;\">M\u00e9todo n\u00e3o invasivo, sem qu\u00edmicos, que utiliza apenas o poder dos \u00edmanes para restaurar o equil\u00edbrio do organismo.<\/span><\/span><\/span><\/p>\n\n\n<p><span style=\"color: rgb(127, 127, 127); text-align: center;\"><span style=\"line-height: 1.5;\">Tal como a \u00e1gua limpa o corpo, o biomagnetismo promove a desintoxica\u00e7\u00e3o energ\u00e9tica e f\u00edsica, trazendo leveza e vitalidade.<\/span><\/span><\/p>\n\n\n<p><br>\n<span style=\"color: rgb(127, 127, 127); text-align: center;\"><span style=\"line-height: 1.5;\">Restaura a harmonia entre corpo e esp\u00edrito, equilibrando energias e promovendo bem-estar integral.<\/span><\/span><\/p><bR>\n\n\n\n\n\n\n\n<h2>Reequilibre, renove, reviva<\/h2>\n\n\n\n\n","protected":false},"excerpt":{"rendered":"","protected":false},"author":1,"featured_media":0,"parent":0,"menu_order":0,"comment_status":"closed","ping_status":"closed","template":"","meta":{"pagelayer_contact_templates":[],"_pagelayer_content":"","footnotes":""},"class_list":["post-59","page","type-page","status-publish","hentry"],"_links":{"self":[{"href":"https:\/\/biomagnetismo.clinic\/bio\/wp-json\/wp\/v2\/pages\/59","targetHints":{"allow":["GET"]}}],"collection":[{"href":"https:\/\/biomagnetismo.clinic\/bio\/wp-json\/wp\/v2\/pages"}],"about":[{"href":"https:\/\/biomagnetismo.clinic\/bio\/wp-json\/wp\/v2\/types\/page"}],"author":[{"embeddable":true,"href":"https:\/\/biomagnetismo.clinic\/bio\/wp-json\/wp\/v2\/users\/1"}],"replies":[{"embeddable":true,"href":"https:\/\/biomagnetismo.clinic\/bio\/wp-json\/wp\/v2\/comments?post=59"}],"version-history":[{"count":33,"href":"https:\/\/biomagnetismo.clinic\/bio\/wp-json\/wp\/v2\/pages\/59\/revisions"}],"predecessor-version":[{"id":379,"href":"https:\/\/biomagnetismo.clinic\/bio\/wp-json\/wp\/v2\/pages\/59\/revisions\/379"}],"wp:attachment":[{"href":"https:\/\/biomagnetismo.clinic\/bio\/wp-json\/wp\/v2\/media?parent=59"}],"curies":[{"name":"wp","href":"https:\/\/api.w.org\/{rel}","templated":true}]}}